{"id":10089,"date":"2024-01-15T17:59:07","date_gmt":"2024-01-15T20:59:07","guid":{"rendered":"https:\/\/bepet.pet\/loja\/produto\/antigalactogenico-virbac-contralac-5-para-caes-e-gatos-16-comprimidos\/"},"modified":"2025-12-10T16:47:32","modified_gmt":"2025-12-10T19:47:32","slug":"antigalactogenico-virbac-contralac-5-para-caes-e-gatos-16-comprimidos","status":"publish","type":"product","link":"https:\/\/bepet.pet\/loja\/produto\/antigalactogenico-virbac-contralac-5-para-caes-e-gatos-16-comprimidos\/","title":{"rendered":"Antigalactog\u00eanico Virbac Contralac 5 para C\u00e3es e Gatos &#8211; 16 Comprimidos"},"content":{"rendered":"<p>Conhe\u00e7a o Antigalactog\u00eanico Virbac Contralac 5 para C\u00e3es e Gatos &#8211; 16 Comprimidos!<\/p>\n<p>Se voc\u00ea est\u00e1 em busca de uma solu\u00e7\u00e3o eficaz para controlar a produ\u00e7\u00e3o excessiva de leite em c\u00e3es e gatos, o Antigalactog\u00eanico Virbac Contralac 5 \u00e9 a escolha certa. Desenvolvido pela renomada marca Virbac, esse medicamento \u00e9 a op\u00e7\u00e3o ideal para auxiliar no manejo de lacta\u00e7\u00f5es indesejadas.<\/p>\n<p>Composto por 16 comprimidos, o Antigalactog\u00eanico Virbac Contralac 5 \u00e9 seguro e eficiente, proporcionando resultados r\u00e1pidos e duradouros. Sua f\u00f3rmula exclusiva atua diretamente nas gl\u00e2ndulas mam\u00e1rias, inibindo a produ\u00e7\u00e3o de leite de forma segura e sem causar desconforto aos animais.<\/p>\n<p>Al\u00e9m disso, o Antigalactog\u00eanico Virbac Contralac 5 \u00e9 f\u00e1cil de administrar, garantindo praticidade e comodidade para voc\u00ea e seu pet. Basta seguir as orienta\u00e7\u00f5es do m\u00e9dico veterin\u00e1rio e oferecer o medicamento de acordo com o peso e a necessidade do animal.<\/p>\n<p>No e_Commerce, voc\u00ea encontra o Antigalactog\u00eanico Virbac Contralac 5 para C\u00e3es e Gatos com o melhor pre\u00e7o do mercado. Aproveite essa oportunidade e adquira agora mesmo esse produto de qualidade comprovada.<\/p>\n<p>N\u00e3o deixe que a produ\u00e7\u00e3o excessiva de leite seja um problema para o bem-estar do seu pet. Conte com o Antigalactog\u00eanico Virbac Contralac 5 e proporcione uma vida mais saud\u00e1vel e equilibrada para o seu animal de estima\u00e7\u00e3o.<\/p>\n<p>Garanta j\u00e1 o Antigalactog\u00eanico Virbac Contralac 5 para C\u00e3es e Gatos &#8211; 16 Comprimidos e tenha a tranquilidade de estar oferecendo o melhor para o seu pet. Aproveite essa oportunidade e fa\u00e7a seu pedido agora mesmo!<\/p>\n","protected":false},"excerpt":{"rendered":"<p>Conhe\u00e7a o Antigalactog\u00eanico Virbac Contralac 5 para C\u00e3es e Gatos &#8211; 16 Comprimidos! Se voc\u00ea est\u00e1 em busca de uma solu\u00e7\u00e3o eficaz para controlar a produ\u00e7\u00e3o excessiva de leite em c\u00e3es e gatos, o Antigalactog\u00eanico Virbac Contralac 5 \u00e9 a escolha certa. Desenvolvido pela renomada marca Virbac, esse medicamento \u00e9 a op\u00e7\u00e3o ideal para auxiliar no manejo de lacta\u00e7\u00f5es indesejadas. Composto por 16 comprimidos, o Antigalactog\u00eanico Virbac Contralac 5 \u00e9 seguro e eficiente, proporcionando resultados r\u00e1pidos e duradouros. Sua f\u00f3rmula exclusiva atua diretamente nas gl\u00e2ndulas mam\u00e1rias, inibindo a produ\u00e7\u00e3o de leite de forma segura e sem causar desconforto aos animais. Al\u00e9m disso, o Antigalactog\u00eanico Virbac Contralac 5 \u00e9 f\u00e1cil de administrar, garantindo praticidade e comodidade para voc\u00ea e seu pet. Basta seguir as orienta\u00e7\u00f5es do m\u00e9dico veterin\u00e1rio e oferecer o medicamento de acordo com o peso e a necessidade do animal. No e_Commerce, voc\u00ea encontra o Antigalactog\u00eanico Virbac Contralac 5 para C\u00e3es e Gatos com o melhor pre\u00e7o do mercado. Aproveite essa oportunidade e adquira agora mesmo esse produto de qualidade comprovada. N\u00e3o deixe que a produ\u00e7\u00e3o excessiva de leite seja um problema para o bem-estar do seu pet. Conte com o Antigalactog\u00eanico Virbac Contralac 5 e proporcione uma vida&hellip; <a class=\"read-more-link\" href=\"https:\/\/bepet.pet\/loja\/produto\/antigalactogenico-virbac-contralac-5-para-caes-e-gatos-16-comprimidos\/\">Read More<\/a><\/p>\n","protected":false},"featured_media":10088,"comment_status":"open","ping_status":"closed","template":"","meta":{"_kadence_starter_templates_imported_post":false},"product_brand":[],"product_cat":[120],"product_tag":[],"class_list":{"0":"post-10089","1":"product","2":"type-product","3":"status-publish","4":"has-post-thumbnail","6":"product_cat-medicamentos","9":"first","10":"instock","11":"shipping-taxable","12":"purchasable","13":"product-type-simple"},"yoast_head":"<!-- This site is optimized with the Yoast SEO plugin v25.5 - https:\/\/yoast.com\/wordpress\/plugins\/seo\/ -->\n<title>Antigalactog\u00eanico Virbac Contralac 5 para C\u00e3es e Gatos - 16 Comprimidos - BePet<\/title>\n<meta name=\"robots\" content=\"index, follow, max-snippet:-1, max-image-preview:large, max-video-preview:-1\" \/>\n<link rel=\"canonical\" href=\"https:\/\/bepet.pet\/loja\/produto\/antigalactogenico-virbac-contralac-5-para-caes-e-gatos-16-comprimidos\/\" \/>\n<meta property=\"og:locale\" content=\"pt_BR\" \/>\n<meta property=\"og:type\" content=\"article\" \/>\n<meta property=\"og:title\" content=\"Antigalactog\u00eanico Virbac Contralac 5 para C\u00e3es e Gatos - 16 Comprimidos - BePet\" \/>\n<meta property=\"og:description\" content=\"Conhe\u00e7a o Antigalactog\u00eanico Virbac Contralac 5 para C\u00e3es e Gatos &#8211; 16 Comprimidos! Se voc\u00ea est\u00e1 em busca de uma solu\u00e7\u00e3o eficaz para controlar a produ\u00e7\u00e3o excessiva de leite em c\u00e3es e gatos, o Antigalactog\u00eanico Virbac Contralac 5 \u00e9 a escolha certa. Desenvolvido pela renomada marca Virbac, esse medicamento \u00e9 a op\u00e7\u00e3o ideal para auxiliar no manejo de lacta\u00e7\u00f5es indesejadas. Composto por 16 comprimidos, o Antigalactog\u00eanico Virbac Contralac 5 \u00e9 seguro e eficiente, proporcionando resultados r\u00e1pidos e duradouros. Sua f\u00f3rmula exclusiva atua diretamente nas gl\u00e2ndulas mam\u00e1rias, inibindo a produ\u00e7\u00e3o de leite de forma segura e sem causar desconforto aos animais. Al\u00e9m disso, o Antigalactog\u00eanico Virbac Contralac 5 \u00e9 f\u00e1cil de administrar, garantindo praticidade e comodidade para voc\u00ea e seu pet. Basta seguir as orienta\u00e7\u00f5es do m\u00e9dico veterin\u00e1rio e oferecer o medicamento de acordo com o peso e a necessidade do animal. No e_Commerce, voc\u00ea encontra o Antigalactog\u00eanico Virbac Contralac 5 para C\u00e3es e Gatos com o melhor pre\u00e7o do mercado. Aproveite essa oportunidade e adquira agora mesmo esse produto de qualidade comprovada. N\u00e3o deixe que a produ\u00e7\u00e3o excessiva de leite seja um problema para o bem-estar do seu pet. Conte com o Antigalactog\u00eanico Virbac Contralac 5 e proporcione uma vida&hellip; Read More\" \/>\n<meta property=\"og:url\" content=\"https:\/\/bepet.pet\/loja\/produto\/antigalactogenico-virbac-contralac-5-para-caes-e-gatos-16-comprimidos\/\" \/>\n<meta property=\"og:site_name\" content=\"BePet\" \/>\n<meta property=\"article:modified_time\" content=\"2025-12-10T19:47:32+00:00\" \/>\n<meta property=\"og:image\" content=\"https:\/\/bepet.pet\/loja\/wp-content\/uploads\/2024\/01\/p44408429-fe56-4f1a-8a2d-e641e398ee16.png\" \/>\n\t<meta property=\"og:image:width\" content=\"800\" \/>\n\t<meta property=\"og:image:height\" content=\"800\" \/>\n\t<meta property=\"og:image:type\" content=\"image\/png\" \/>\n<meta name=\"twitter:card\" content=\"summary_large_image\" \/>\n<meta name=\"twitter:label1\" content=\"Est. tempo de leitura\" \/>\n\t<meta name=\"twitter:data1\" content=\"1 minuto\" \/>\n<script type=\"application\/ld+json\" class=\"yoast-schema-graph\">{\"@context\":\"https:\/\/schema.org\",\"@graph\":[{\"@type\":\"WebPage\",\"@id\":\"https:\/\/bepet.pet\/loja\/produto\/antigalactogenico-virbac-contralac-5-para-caes-e-gatos-16-comprimidos\/\",\"url\":\"https:\/\/bepet.pet\/loja\/produto\/antigalactogenico-virbac-contralac-5-para-caes-e-gatos-16-comprimidos\/\",\"name\":\"Antigalactog\u00eanico Virbac Contralac 5 para C\u00e3es e Gatos - 16 Comprimidos - BePet\",\"isPartOf\":{\"@id\":\"https:\/\/bepet.pet\/loja\/#website\"},\"primaryImageOfPage\":{\"@id\":\"https:\/\/bepet.pet\/loja\/produto\/antigalactogenico-virbac-contralac-5-para-caes-e-gatos-16-comprimidos\/#primaryimage\"},\"image\":{\"@id\":\"https:\/\/bepet.pet\/loja\/produto\/antigalactogenico-virbac-contralac-5-para-caes-e-gatos-16-comprimidos\/#primaryimage\"},\"thumbnailUrl\":\"https:\/\/bepet.pet\/loja\/wp-content\/uploads\/2024\/01\/p44408429-fe56-4f1a-8a2d-e641e398ee16.png\",\"datePublished\":\"2024-01-15T20:59:07+00:00\",\"dateModified\":\"2025-12-10T19:47:32+00:00\",\"breadcrumb\":{\"@id\":\"https:\/\/bepet.pet\/loja\/produto\/antigalactogenico-virbac-contralac-5-para-caes-e-gatos-16-comprimidos\/#breadcrumb\"},\"inLanguage\":\"pt-BR\",\"potentialAction\":[{\"@type\":\"ReadAction\",\"target\":[\"https:\/\/bepet.pet\/loja\/produto\/antigalactogenico-virbac-contralac-5-para-caes-e-gatos-16-comprimidos\/\"]}]},{\"@type\":\"ImageObject\",\"inLanguage\":\"pt-BR\",\"@id\":\"https:\/\/bepet.pet\/loja\/produto\/antigalactogenico-virbac-contralac-5-para-caes-e-gatos-16-comprimidos\/#primaryimage\",\"url\":\"https:\/\/bepet.pet\/loja\/wp-content\/uploads\/2024\/01\/p44408429-fe56-4f1a-8a2d-e641e398ee16.png\",\"contentUrl\":\"https:\/\/bepet.pet\/loja\/wp-content\/uploads\/2024\/01\/p44408429-fe56-4f1a-8a2d-e641e398ee16.png\",\"width\":800,\"height\":800},{\"@type\":\"BreadcrumbList\",\"@id\":\"https:\/\/bepet.pet\/loja\/produto\/antigalactogenico-virbac-contralac-5-para-caes-e-gatos-16-comprimidos\/#breadcrumb\",\"itemListElement\":[{\"@type\":\"ListItem\",\"position\":1,\"name\":\"Home\",\"item\":\"https:\/\/bepet.pet\/loja\/\"},{\"@type\":\"ListItem\",\"position\":2,\"name\":\"Shop\",\"item\":\"https:\/\/bepet.pet\/loja\/shop-2\/\"},{\"@type\":\"ListItem\",\"position\":3,\"name\":\"Antigalactog\u00eanico Virbac Contralac 5 para C\u00e3es e Gatos &#8211; 16 Comprimidos\"}]},{\"@type\":\"WebSite\",\"@id\":\"https:\/\/bepet.pet\/loja\/#website\",\"url\":\"https:\/\/bepet.pet\/loja\/\",\"name\":\"BePet\",\"description\":\"Nossa vida \u00e9 cuidar do seu pet\",\"publisher\":{\"@id\":\"https:\/\/bepet.pet\/loja\/#organization\"},\"potentialAction\":[{\"@type\":\"SearchAction\",\"target\":{\"@type\":\"EntryPoint\",\"urlTemplate\":\"https:\/\/bepet.pet\/loja\/?s={search_term_string}\"},\"query-input\":{\"@type\":\"PropertyValueSpecification\",\"valueRequired\":true,\"valueName\":\"search_term_string\"}}],\"inLanguage\":\"pt-BR\"},{\"@type\":\"Organization\",\"@id\":\"https:\/\/bepet.pet\/loja\/#organization\",\"name\":\"BePet\",\"url\":\"https:\/\/bepet.pet\/loja\/\",\"logo\":{\"@type\":\"ImageObject\",\"inLanguage\":\"pt-BR\",\"@id\":\"https:\/\/bepet.pet\/loja\/#\/schema\/logo\/image\/\",\"url\":\"https:\/\/bepet.pet\/loja\/wp-content\/uploads\/2020\/10\/logo.jpg\",\"contentUrl\":\"https:\/\/bepet.pet\/loja\/wp-content\/uploads\/2020\/10\/logo.jpg\",\"width\":100,\"height\":99,\"caption\":\"BePet\"},\"image\":{\"@id\":\"https:\/\/bepet.pet\/loja\/#\/schema\/logo\/image\/\"}}]}<\/script>\n<!-- \/ Yoast SEO plugin. -->","yoast_head_json":{"title":"Antigalactog\u00eanico Virbac Contralac 5 para C\u00e3es e Gatos - 16 Comprimidos - BePet","robots":{"index":"index","follow":"follow","max-snippet":"max-snippet:-1","max-image-preview":"max-image-preview:large","max-video-preview":"max-video-preview:-1"},"canonical":"https:\/\/bepet.pet\/loja\/produto\/antigalactogenico-virbac-contralac-5-para-caes-e-gatos-16-comprimidos\/","og_locale":"pt_BR","og_type":"article","og_title":"Antigalactog\u00eanico Virbac Contralac 5 para C\u00e3es e Gatos - 16 Comprimidos - BePet","og_description":"Conhe\u00e7a o Antigalactog\u00eanico Virbac Contralac 5 para C\u00e3es e Gatos &#8211; 16 Comprimidos! Se voc\u00ea est\u00e1 em busca de uma solu\u00e7\u00e3o eficaz para controlar a produ\u00e7\u00e3o excessiva de leite em c\u00e3es e gatos, o Antigalactog\u00eanico Virbac Contralac 5 \u00e9 a escolha certa. Desenvolvido pela renomada marca Virbac, esse medicamento \u00e9 a op\u00e7\u00e3o ideal para auxiliar no manejo de lacta\u00e7\u00f5es indesejadas. Composto por 16 comprimidos, o Antigalactog\u00eanico Virbac Contralac 5 \u00e9 seguro e eficiente, proporcionando resultados r\u00e1pidos e duradouros. Sua f\u00f3rmula exclusiva atua diretamente nas gl\u00e2ndulas mam\u00e1rias, inibindo a produ\u00e7\u00e3o de leite de forma segura e sem causar desconforto aos animais. Al\u00e9m disso, o Antigalactog\u00eanico Virbac Contralac 5 \u00e9 f\u00e1cil de administrar, garantindo praticidade e comodidade para voc\u00ea e seu pet. Basta seguir as orienta\u00e7\u00f5es do m\u00e9dico veterin\u00e1rio e oferecer o medicamento de acordo com o peso e a necessidade do animal. No e_Commerce, voc\u00ea encontra o Antigalactog\u00eanico Virbac Contralac 5 para C\u00e3es e Gatos com o melhor pre\u00e7o do mercado. Aproveite essa oportunidade e adquira agora mesmo esse produto de qualidade comprovada. N\u00e3o deixe que a produ\u00e7\u00e3o excessiva de leite seja um problema para o bem-estar do seu pet. Conte com o Antigalactog\u00eanico Virbac Contralac 5 e proporcione uma vida&hellip; Read More","og_url":"https:\/\/bepet.pet\/loja\/produto\/antigalactogenico-virbac-contralac-5-para-caes-e-gatos-16-comprimidos\/","og_site_name":"BePet","article_modified_time":"2025-12-10T19:47:32+00:00","og_image":[{"width":800,"height":800,"url":"https:\/\/bepet.pet\/loja\/wp-content\/uploads\/2024\/01\/p44408429-fe56-4f1a-8a2d-e641e398ee16.png","type":"image\/png"}],"twitter_card":"summary_large_image","twitter_misc":{"Est. tempo de leitura":"1 minuto"},"schema":{"@context":"https:\/\/schema.org","@graph":[{"@type":"WebPage","@id":"https:\/\/bepet.pet\/loja\/produto\/antigalactogenico-virbac-contralac-5-para-caes-e-gatos-16-comprimidos\/","url":"https:\/\/bepet.pet\/loja\/produto\/antigalactogenico-virbac-contralac-5-para-caes-e-gatos-16-comprimidos\/","name":"Antigalactog\u00eanico Virbac Contralac 5 para C\u00e3es e Gatos - 16 Comprimidos - BePet","isPartOf":{"@id":"https:\/\/bepet.pet\/loja\/#website"},"primaryImageOfPage":{"@id":"https:\/\/bepet.pet\/loja\/produto\/antigalactogenico-virbac-contralac-5-para-caes-e-gatos-16-comprimidos\/#primaryimage"},"image":{"@id":"https:\/\/bepet.pet\/loja\/produto\/antigalactogenico-virbac-contralac-5-para-caes-e-gatos-16-comprimidos\/#primaryimage"},"thumbnailUrl":"https:\/\/bepet.pet\/loja\/wp-content\/uploads\/2024\/01\/p44408429-fe56-4f1a-8a2d-e641e398ee16.png","datePublished":"2024-01-15T20:59:07+00:00","dateModified":"2025-12-10T19:47:32+00:00","breadcrumb":{"@id":"https:\/\/bepet.pet\/loja\/produto\/antigalactogenico-virbac-contralac-5-para-caes-e-gatos-16-comprimidos\/#breadcrumb"},"inLanguage":"pt-BR","potentialAction":[{"@type":"ReadAction","target":["https:\/\/bepet.pet\/loja\/produto\/antigalactogenico-virbac-contralac-5-para-caes-e-gatos-16-comprimidos\/"]}]},{"@type":"ImageObject","inLanguage":"pt-BR","@id":"https:\/\/bepet.pet\/loja\/produto\/antigalactogenico-virbac-contralac-5-para-caes-e-gatos-16-comprimidos\/#primaryimage","url":"https:\/\/bepet.pet\/loja\/wp-content\/uploads\/2024\/01\/p44408429-fe56-4f1a-8a2d-e641e398ee16.png","contentUrl":"https:\/\/bepet.pet\/loja\/wp-content\/uploads\/2024\/01\/p44408429-fe56-4f1a-8a2d-e641e398ee16.png","width":800,"height":800},{"@type":"BreadcrumbList","@id":"https:\/\/bepet.pet\/loja\/produto\/antigalactogenico-virbac-contralac-5-para-caes-e-gatos-16-comprimidos\/#breadcrumb","itemListElement":[{"@type":"ListItem","position":1,"name":"Home","item":"https:\/\/bepet.pet\/loja\/"},{"@type":"ListItem","position":2,"name":"Shop","item":"https:\/\/bepet.pet\/loja\/shop-2\/"},{"@type":"ListItem","position":3,"name":"Antigalactog\u00eanico Virbac Contralac 5 para C\u00e3es e Gatos &#8211; 16 Comprimidos"}]},{"@type":"WebSite","@id":"https:\/\/bepet.pet\/loja\/#website","url":"https:\/\/bepet.pet\/loja\/","name":"BePet","description":"Nossa vida \u00e9 cuidar do seu pet","publisher":{"@id":"https:\/\/bepet.pet\/loja\/#organization"},"potentialAction":[{"@type":"SearchAction","target":{"@type":"EntryPoint","urlTemplate":"https:\/\/bepet.pet\/loja\/?s={search_term_string}"},"query-input":{"@type":"PropertyValueSpecification","valueRequired":true,"valueName":"search_term_string"}}],"inLanguage":"pt-BR"},{"@type":"Organization","@id":"https:\/\/bepet.pet\/loja\/#organization","name":"BePet","url":"https:\/\/bepet.pet\/loja\/","logo":{"@type":"ImageObject","inLanguage":"pt-BR","@id":"https:\/\/bepet.pet\/loja\/#\/schema\/logo\/image\/","url":"https:\/\/bepet.pet\/loja\/wp-content\/uploads\/2020\/10\/logo.jpg","contentUrl":"https:\/\/bepet.pet\/loja\/wp-content\/uploads\/2020\/10\/logo.jpg","width":100,"height":99,"caption":"BePet"},"image":{"@id":"https:\/\/bepet.pet\/loja\/#\/schema\/logo\/image\/"}}]}},"jetpack_sharing_enabled":true,"_links":{"self":[{"href":"https:\/\/bepet.pet\/loja\/wp-json\/wp\/v2\/product\/10089","targetHints":{"allow":["GET"]}}],"collection":[{"href":"https:\/\/bepet.pet\/loja\/wp-json\/wp\/v2\/product"}],"about":[{"href":"https:\/\/bepet.pet\/loja\/wp-json\/wp\/v2\/types\/product"}],"replies":[{"embeddable":true,"href":"https:\/\/bepet.pet\/loja\/wp-json\/wp\/v2\/comments?post=10089"}],"wp:featuredmedia":[{"embeddable":true,"href":"https:\/\/bepet.pet\/loja\/wp-json\/wp\/v2\/media\/10088"}],"wp:attachment":[{"href":"https:\/\/bepet.pet\/loja\/wp-json\/wp\/v2\/media?parent=10089"}],"wp:term":[{"taxonomy":"product_brand","embeddable":true,"href":"https:\/\/bepet.pet\/loja\/wp-json\/wp\/v2\/product_brand?post=10089"},{"taxonomy":"product_cat","embeddable":true,"href":"https:\/\/bepet.pet\/loja\/wp-json\/wp\/v2\/product_cat?post=10089"},{"taxonomy":"product_tag","embeddable":true,"href":"https:\/\/bepet.pet\/loja\/wp-json\/wp\/v2\/product_tag?post=10089"}],"curies":[{"name":"wp","href":"https:\/\/api.w.org\/{rel}","templated":true}]}}