{"id":10073,"date":"2024-01-15T15:34:18","date_gmt":"2024-01-15T18:34:18","guid":{"rendered":"https:\/\/bepet.pet\/loja\/produto\/shampoo-dermatologico-virbac-hexadene-spherulites-para-caes-e-gato-250ml\/"},"modified":"2026-02-10T16:41:35","modified_gmt":"2026-02-10T19:41:35","slug":"shampoo-dermatologico-virbac-hexadene-spherulites-para-caes-e-gato-250ml","status":"publish","type":"product","link":"https:\/\/bepet.pet\/loja\/produto\/shampoo-dermatologico-virbac-hexadene-spherulites-para-caes-e-gato-250ml\/","title":{"rendered":"Shampoo Dermatol\u00f3gico Virbac Hexadene Spherulites para C\u00e3es e Gato 250ml"},"content":{"rendered":"<p>Conhe\u00e7a o Shampoo Dermatol\u00f3gico Virbac Hexadene Spherulites para C\u00e3es e Gatos, um produto de alta qualidade que vai cuidar da sa\u00fade e higiene do seu pet. <\/p>\n<p>Desenvolvido especialmente para tratar problemas dermatol\u00f3gicos, esse shampoo \u00e9 a solu\u00e7\u00e3o ideal para combater infec\u00e7\u00f5es bacterianas e f\u00fangicas, al\u00e9m de aliviar coceiras e irrita\u00e7\u00f5es na pele do seu animal de estima\u00e7\u00e3o. <\/p>\n<p>Com sua f\u00f3rmula exclusiva, o Shampoo Dermatol\u00f3gico Virbac Hexadene Spherulites possui microc\u00e1psulas chamadas de Spherulites, que garantem a libera\u00e7\u00e3o gradual dos princ\u00edpios ativos, proporcionando um efeito prolongado e eficaz no tratamento da dermatite. <\/p>\n<p>Al\u00e9m disso, esse shampoo cont\u00e9m ativos como o gluconato de clorexidina e o sulfato de miconazol, reconhecidos por suas propriedades antimicrobianas e antif\u00fangicas, respectivamente. Essa combina\u00e7\u00e3o poderosa garante a elimina\u00e7\u00e3o dos agentes causadores das infec\u00e7\u00f5es, promovendo uma pele saud\u00e1vel e livre de problemas.<\/p>\n<p>O Shampoo Dermatol\u00f3gico Virbac Hexadene Spherulites \u00e9 de f\u00e1cil aplica\u00e7\u00e3o e possui uma fragr\u00e2ncia suave, deixando seu pet com um cheirinho agrad\u00e1vel ap\u00f3s o banho. Al\u00e9m disso, sua f\u00f3rmula \u00e9 suave e n\u00e3o agride a pele, sendo seguro para uso frequente.<\/p>\n<p>Agora voc\u00ea pode proporcionar ao seu c\u00e3o ou gato o cuidado e bem-estar que eles merecem. Adquira j\u00e1 o Shampoo Dermatol\u00f3gico Virbac Hexadene Spherulites e garanta uma pelagem saud\u00e1vel e livre de problemas dermatol\u00f3gicos. Aproveite e compre agora mesmo em nosso e-commerce e proporcione ao seu pet o melhor tratamento dermatol\u00f3gico dispon\u00edvel no mercado.<\/p>\n","protected":false},"excerpt":{"rendered":"<p>Conhe\u00e7a o Shampoo Dermatol\u00f3gico Virbac Hexadene Spherulites para C\u00e3es e Gatos, um produto de alta qualidade que vai cuidar da sa\u00fade e higiene do seu pet. Desenvolvido especialmente para tratar problemas dermatol\u00f3gicos, esse shampoo \u00e9 a solu\u00e7\u00e3o ideal para combater infec\u00e7\u00f5es bacterianas e f\u00fangicas, al\u00e9m de aliviar coceiras e irrita\u00e7\u00f5es na pele do seu animal de estima\u00e7\u00e3o. Com sua f\u00f3rmula exclusiva, o Shampoo Dermatol\u00f3gico Virbac Hexadene Spherulites possui microc\u00e1psulas chamadas de Spherulites, que garantem a libera\u00e7\u00e3o gradual dos princ\u00edpios ativos, proporcionando um efeito prolongado e eficaz no tratamento da dermatite. Al\u00e9m disso, esse shampoo cont\u00e9m ativos como o gluconato de clorexidina e o sulfato de miconazol, reconhecidos por suas propriedades antimicrobianas e antif\u00fangicas, respectivamente. Essa combina\u00e7\u00e3o poderosa garante a elimina\u00e7\u00e3o dos agentes causadores das infec\u00e7\u00f5es, promovendo uma pele saud\u00e1vel e livre de problemas. O Shampoo Dermatol\u00f3gico Virbac Hexadene Spherulites \u00e9 de f\u00e1cil aplica\u00e7\u00e3o e possui uma fragr\u00e2ncia suave, deixando seu pet com um cheirinho agrad\u00e1vel ap\u00f3s o banho. Al\u00e9m disso, sua f\u00f3rmula \u00e9 suave e n\u00e3o agride a pele, sendo seguro para uso frequente. Agora voc\u00ea pode proporcionar ao seu c\u00e3o ou gato o cuidado e bem-estar que eles merecem. Adquira j\u00e1 o Shampoo Dermatol\u00f3gico Virbac Hexadene Spherulites e garanta&hellip; <a class=\"read-more-link\" href=\"https:\/\/bepet.pet\/loja\/produto\/shampoo-dermatologico-virbac-hexadene-spherulites-para-caes-e-gato-250ml\/\">Read More<\/a><\/p>\n","protected":false},"featured_media":10072,"comment_status":"open","ping_status":"closed","template":"","meta":{"_kadence_starter_templates_imported_post":false},"product_brand":[],"product_cat":[120,143],"product_tag":[],"class_list":{"0":"post-10073","1":"product","2":"type-product","3":"status-publish","4":"has-post-thumbnail","6":"product_cat-medicamentos","7":"product_cat-shampoo-medicamentoso","10":"first","11":"instock","12":"shipping-taxable","13":"purchasable","14":"product-type-simple"},"yoast_head":"<!-- This site is optimized with the Yoast SEO plugin v25.5 - https:\/\/yoast.com\/wordpress\/plugins\/seo\/ -->\n<title>Shampoo Dermatol\u00f3gico Virbac Hexadene Spherulites para C\u00e3es e Gato 250ml - BePet<\/title>\n<meta name=\"robots\" content=\"index, follow, max-snippet:-1, max-image-preview:large, max-video-preview:-1\" \/>\n<link rel=\"canonical\" href=\"https:\/\/bepet.pet\/loja\/produto\/shampoo-dermatologico-virbac-hexadene-spherulites-para-caes-e-gato-250ml\/\" \/>\n<meta property=\"og:locale\" content=\"pt_BR\" \/>\n<meta property=\"og:type\" content=\"article\" \/>\n<meta property=\"og:title\" content=\"Shampoo Dermatol\u00f3gico Virbac Hexadene Spherulites para C\u00e3es e Gato 250ml - BePet\" \/>\n<meta property=\"og:description\" content=\"Conhe\u00e7a o Shampoo Dermatol\u00f3gico Virbac Hexadene Spherulites para C\u00e3es e Gatos, um produto de alta qualidade que vai cuidar da sa\u00fade e higiene do seu pet. Desenvolvido especialmente para tratar problemas dermatol\u00f3gicos, esse shampoo \u00e9 a solu\u00e7\u00e3o ideal para combater infec\u00e7\u00f5es bacterianas e f\u00fangicas, al\u00e9m de aliviar coceiras e irrita\u00e7\u00f5es na pele do seu animal de estima\u00e7\u00e3o. Com sua f\u00f3rmula exclusiva, o Shampoo Dermatol\u00f3gico Virbac Hexadene Spherulites possui microc\u00e1psulas chamadas de Spherulites, que garantem a libera\u00e7\u00e3o gradual dos princ\u00edpios ativos, proporcionando um efeito prolongado e eficaz no tratamento da dermatite. Al\u00e9m disso, esse shampoo cont\u00e9m ativos como o gluconato de clorexidina e o sulfato de miconazol, reconhecidos por suas propriedades antimicrobianas e antif\u00fangicas, respectivamente. Essa combina\u00e7\u00e3o poderosa garante a elimina\u00e7\u00e3o dos agentes causadores das infec\u00e7\u00f5es, promovendo uma pele saud\u00e1vel e livre de problemas. O Shampoo Dermatol\u00f3gico Virbac Hexadene Spherulites \u00e9 de f\u00e1cil aplica\u00e7\u00e3o e possui uma fragr\u00e2ncia suave, deixando seu pet com um cheirinho agrad\u00e1vel ap\u00f3s o banho. Al\u00e9m disso, sua f\u00f3rmula \u00e9 suave e n\u00e3o agride a pele, sendo seguro para uso frequente. Agora voc\u00ea pode proporcionar ao seu c\u00e3o ou gato o cuidado e bem-estar que eles merecem. Adquira j\u00e1 o Shampoo Dermatol\u00f3gico Virbac Hexadene Spherulites e garanta&hellip; Read More\" \/>\n<meta property=\"og:url\" content=\"https:\/\/bepet.pet\/loja\/produto\/shampoo-dermatologico-virbac-hexadene-spherulites-para-caes-e-gato-250ml\/\" \/>\n<meta property=\"og:site_name\" content=\"BePet\" \/>\n<meta property=\"article:modified_time\" content=\"2026-02-10T19:41:35+00:00\" \/>\n<meta property=\"og:image\" content=\"https:\/\/bepet.pet\/loja\/wp-content\/uploads\/2024\/01\/Design-sem-nome-2024-04-04T093959.559.png\" \/>\n\t<meta property=\"og:image:width\" content=\"600\" \/>\n\t<meta property=\"og:image:height\" content=\"400\" \/>\n\t<meta property=\"og:image:type\" content=\"image\/png\" \/>\n<meta name=\"twitter:card\" content=\"summary_large_image\" \/>\n<meta name=\"twitter:label1\" content=\"Est. tempo de leitura\" \/>\n\t<meta name=\"twitter:data1\" content=\"2 minutos\" \/>\n<script type=\"application\/ld+json\" class=\"yoast-schema-graph\">{\"@context\":\"https:\/\/schema.org\",\"@graph\":[{\"@type\":\"WebPage\",\"@id\":\"https:\/\/bepet.pet\/loja\/produto\/shampoo-dermatologico-virbac-hexadene-spherulites-para-caes-e-gato-250ml\/\",\"url\":\"https:\/\/bepet.pet\/loja\/produto\/shampoo-dermatologico-virbac-hexadene-spherulites-para-caes-e-gato-250ml\/\",\"name\":\"Shampoo Dermatol\u00f3gico Virbac Hexadene Spherulites para C\u00e3es e Gato 250ml - BePet\",\"isPartOf\":{\"@id\":\"https:\/\/bepet.pet\/loja\/#website\"},\"primaryImageOfPage\":{\"@id\":\"https:\/\/bepet.pet\/loja\/produto\/shampoo-dermatologico-virbac-hexadene-spherulites-para-caes-e-gato-250ml\/#primaryimage\"},\"image\":{\"@id\":\"https:\/\/bepet.pet\/loja\/produto\/shampoo-dermatologico-virbac-hexadene-spherulites-para-caes-e-gato-250ml\/#primaryimage\"},\"thumbnailUrl\":\"https:\/\/bepet.pet\/loja\/wp-content\/uploads\/2024\/01\/p6e021297-ee02-45f6-a1e5-63098ce1e7f0.jpeg\",\"datePublished\":\"2024-01-15T18:34:18+00:00\",\"dateModified\":\"2026-02-10T19:41:35+00:00\",\"breadcrumb\":{\"@id\":\"https:\/\/bepet.pet\/loja\/produto\/shampoo-dermatologico-virbac-hexadene-spherulites-para-caes-e-gato-250ml\/#breadcrumb\"},\"inLanguage\":\"pt-BR\",\"potentialAction\":[{\"@type\":\"ReadAction\",\"target\":[\"https:\/\/bepet.pet\/loja\/produto\/shampoo-dermatologico-virbac-hexadene-spherulites-para-caes-e-gato-250ml\/\"]}]},{\"@type\":\"ImageObject\",\"inLanguage\":\"pt-BR\",\"@id\":\"https:\/\/bepet.pet\/loja\/produto\/shampoo-dermatologico-virbac-hexadene-spherulites-para-caes-e-gato-250ml\/#primaryimage\",\"url\":\"https:\/\/bepet.pet\/loja\/wp-content\/uploads\/2024\/01\/p6e021297-ee02-45f6-a1e5-63098ce1e7f0.jpeg\",\"contentUrl\":\"https:\/\/bepet.pet\/loja\/wp-content\/uploads\/2024\/01\/p6e021297-ee02-45f6-a1e5-63098ce1e7f0.jpeg\",\"width\":537,\"height\":800},{\"@type\":\"BreadcrumbList\",\"@id\":\"https:\/\/bepet.pet\/loja\/produto\/shampoo-dermatologico-virbac-hexadene-spherulites-para-caes-e-gato-250ml\/#breadcrumb\",\"itemListElement\":[{\"@type\":\"ListItem\",\"position\":1,\"name\":\"Home\",\"item\":\"https:\/\/bepet.pet\/loja\/\"},{\"@type\":\"ListItem\",\"position\":2,\"name\":\"Shop\",\"item\":\"https:\/\/bepet.pet\/loja\/shop-2\/\"},{\"@type\":\"ListItem\",\"position\":3,\"name\":\"Shampoo Dermatol\u00f3gico Virbac Hexadene Spherulites para C\u00e3es e Gato 250ml\"}]},{\"@type\":\"WebSite\",\"@id\":\"https:\/\/bepet.pet\/loja\/#website\",\"url\":\"https:\/\/bepet.pet\/loja\/\",\"name\":\"BePet\",\"description\":\"Nossa vida \u00e9 cuidar do seu pet\",\"publisher\":{\"@id\":\"https:\/\/bepet.pet\/loja\/#organization\"},\"potentialAction\":[{\"@type\":\"SearchAction\",\"target\":{\"@type\":\"EntryPoint\",\"urlTemplate\":\"https:\/\/bepet.pet\/loja\/?s={search_term_string}\"},\"query-input\":{\"@type\":\"PropertyValueSpecification\",\"valueRequired\":true,\"valueName\":\"search_term_string\"}}],\"inLanguage\":\"pt-BR\"},{\"@type\":\"Organization\",\"@id\":\"https:\/\/bepet.pet\/loja\/#organization\",\"name\":\"BePet\",\"url\":\"https:\/\/bepet.pet\/loja\/\",\"logo\":{\"@type\":\"ImageObject\",\"inLanguage\":\"pt-BR\",\"@id\":\"https:\/\/bepet.pet\/loja\/#\/schema\/logo\/image\/\",\"url\":\"https:\/\/bepet.pet\/loja\/wp-content\/uploads\/2020\/10\/logo.jpg\",\"contentUrl\":\"https:\/\/bepet.pet\/loja\/wp-content\/uploads\/2020\/10\/logo.jpg\",\"width\":100,\"height\":99,\"caption\":\"BePet\"},\"image\":{\"@id\":\"https:\/\/bepet.pet\/loja\/#\/schema\/logo\/image\/\"}}]}<\/script>\n<!-- \/ Yoast SEO plugin. -->","yoast_head_json":{"title":"Shampoo Dermatol\u00f3gico Virbac Hexadene Spherulites para C\u00e3es e Gato 250ml - BePet","robots":{"index":"index","follow":"follow","max-snippet":"max-snippet:-1","max-image-preview":"max-image-preview:large","max-video-preview":"max-video-preview:-1"},"canonical":"https:\/\/bepet.pet\/loja\/produto\/shampoo-dermatologico-virbac-hexadene-spherulites-para-caes-e-gato-250ml\/","og_locale":"pt_BR","og_type":"article","og_title":"Shampoo Dermatol\u00f3gico Virbac Hexadene Spherulites para C\u00e3es e Gato 250ml - BePet","og_description":"Conhe\u00e7a o Shampoo Dermatol\u00f3gico Virbac Hexadene Spherulites para C\u00e3es e Gatos, um produto de alta qualidade que vai cuidar da sa\u00fade e higiene do seu pet. Desenvolvido especialmente para tratar problemas dermatol\u00f3gicos, esse shampoo \u00e9 a solu\u00e7\u00e3o ideal para combater infec\u00e7\u00f5es bacterianas e f\u00fangicas, al\u00e9m de aliviar coceiras e irrita\u00e7\u00f5es na pele do seu animal de estima\u00e7\u00e3o. Com sua f\u00f3rmula exclusiva, o Shampoo Dermatol\u00f3gico Virbac Hexadene Spherulites possui microc\u00e1psulas chamadas de Spherulites, que garantem a libera\u00e7\u00e3o gradual dos princ\u00edpios ativos, proporcionando um efeito prolongado e eficaz no tratamento da dermatite. Al\u00e9m disso, esse shampoo cont\u00e9m ativos como o gluconato de clorexidina e o sulfato de miconazol, reconhecidos por suas propriedades antimicrobianas e antif\u00fangicas, respectivamente. Essa combina\u00e7\u00e3o poderosa garante a elimina\u00e7\u00e3o dos agentes causadores das infec\u00e7\u00f5es, promovendo uma pele saud\u00e1vel e livre de problemas. O Shampoo Dermatol\u00f3gico Virbac Hexadene Spherulites \u00e9 de f\u00e1cil aplica\u00e7\u00e3o e possui uma fragr\u00e2ncia suave, deixando seu pet com um cheirinho agrad\u00e1vel ap\u00f3s o banho. Al\u00e9m disso, sua f\u00f3rmula \u00e9 suave e n\u00e3o agride a pele, sendo seguro para uso frequente. Agora voc\u00ea pode proporcionar ao seu c\u00e3o ou gato o cuidado e bem-estar que eles merecem. Adquira j\u00e1 o Shampoo Dermatol\u00f3gico Virbac Hexadene Spherulites e garanta&hellip; Read More","og_url":"https:\/\/bepet.pet\/loja\/produto\/shampoo-dermatologico-virbac-hexadene-spherulites-para-caes-e-gato-250ml\/","og_site_name":"BePet","article_modified_time":"2026-02-10T19:41:35+00:00","og_image":[{"width":600,"height":400,"url":"https:\/\/bepet.pet\/loja\/wp-content\/uploads\/2024\/01\/Design-sem-nome-2024-04-04T093959.559.png","type":"image\/png"}],"twitter_card":"summary_large_image","twitter_misc":{"Est. tempo de leitura":"2 minutos"},"schema":{"@context":"https:\/\/schema.org","@graph":[{"@type":"WebPage","@id":"https:\/\/bepet.pet\/loja\/produto\/shampoo-dermatologico-virbac-hexadene-spherulites-para-caes-e-gato-250ml\/","url":"https:\/\/bepet.pet\/loja\/produto\/shampoo-dermatologico-virbac-hexadene-spherulites-para-caes-e-gato-250ml\/","name":"Shampoo Dermatol\u00f3gico Virbac Hexadene Spherulites para C\u00e3es e Gato 250ml - BePet","isPartOf":{"@id":"https:\/\/bepet.pet\/loja\/#website"},"primaryImageOfPage":{"@id":"https:\/\/bepet.pet\/loja\/produto\/shampoo-dermatologico-virbac-hexadene-spherulites-para-caes-e-gato-250ml\/#primaryimage"},"image":{"@id":"https:\/\/bepet.pet\/loja\/produto\/shampoo-dermatologico-virbac-hexadene-spherulites-para-caes-e-gato-250ml\/#primaryimage"},"thumbnailUrl":"https:\/\/bepet.pet\/loja\/wp-content\/uploads\/2024\/01\/p6e021297-ee02-45f6-a1e5-63098ce1e7f0.jpeg","datePublished":"2024-01-15T18:34:18+00:00","dateModified":"2026-02-10T19:41:35+00:00","breadcrumb":{"@id":"https:\/\/bepet.pet\/loja\/produto\/shampoo-dermatologico-virbac-hexadene-spherulites-para-caes-e-gato-250ml\/#breadcrumb"},"inLanguage":"pt-BR","potentialAction":[{"@type":"ReadAction","target":["https:\/\/bepet.pet\/loja\/produto\/shampoo-dermatologico-virbac-hexadene-spherulites-para-caes-e-gato-250ml\/"]}]},{"@type":"ImageObject","inLanguage":"pt-BR","@id":"https:\/\/bepet.pet\/loja\/produto\/shampoo-dermatologico-virbac-hexadene-spherulites-para-caes-e-gato-250ml\/#primaryimage","url":"https:\/\/bepet.pet\/loja\/wp-content\/uploads\/2024\/01\/p6e021297-ee02-45f6-a1e5-63098ce1e7f0.jpeg","contentUrl":"https:\/\/bepet.pet\/loja\/wp-content\/uploads\/2024\/01\/p6e021297-ee02-45f6-a1e5-63098ce1e7f0.jpeg","width":537,"height":800},{"@type":"BreadcrumbList","@id":"https:\/\/bepet.pet\/loja\/produto\/shampoo-dermatologico-virbac-hexadene-spherulites-para-caes-e-gato-250ml\/#breadcrumb","itemListElement":[{"@type":"ListItem","position":1,"name":"Home","item":"https:\/\/bepet.pet\/loja\/"},{"@type":"ListItem","position":2,"name":"Shop","item":"https:\/\/bepet.pet\/loja\/shop-2\/"},{"@type":"ListItem","position":3,"name":"Shampoo Dermatol\u00f3gico Virbac Hexadene Spherulites para C\u00e3es e Gato 250ml"}]},{"@type":"WebSite","@id":"https:\/\/bepet.pet\/loja\/#website","url":"https:\/\/bepet.pet\/loja\/","name":"BePet","description":"Nossa vida \u00e9 cuidar do seu pet","publisher":{"@id":"https:\/\/bepet.pet\/loja\/#organization"},"potentialAction":[{"@type":"SearchAction","target":{"@type":"EntryPoint","urlTemplate":"https:\/\/bepet.pet\/loja\/?s={search_term_string}"},"query-input":{"@type":"PropertyValueSpecification","valueRequired":true,"valueName":"search_term_string"}}],"inLanguage":"pt-BR"},{"@type":"Organization","@id":"https:\/\/bepet.pet\/loja\/#organization","name":"BePet","url":"https:\/\/bepet.pet\/loja\/","logo":{"@type":"ImageObject","inLanguage":"pt-BR","@id":"https:\/\/bepet.pet\/loja\/#\/schema\/logo\/image\/","url":"https:\/\/bepet.pet\/loja\/wp-content\/uploads\/2020\/10\/logo.jpg","contentUrl":"https:\/\/bepet.pet\/loja\/wp-content\/uploads\/2020\/10\/logo.jpg","width":100,"height":99,"caption":"BePet"},"image":{"@id":"https:\/\/bepet.pet\/loja\/#\/schema\/logo\/image\/"}}]}},"jetpack_sharing_enabled":true,"_links":{"self":[{"href":"https:\/\/bepet.pet\/loja\/wp-json\/wp\/v2\/product\/10073","targetHints":{"allow":["GET"]}}],"collection":[{"href":"https:\/\/bepet.pet\/loja\/wp-json\/wp\/v2\/product"}],"about":[{"href":"https:\/\/bepet.pet\/loja\/wp-json\/wp\/v2\/types\/product"}],"replies":[{"embeddable":true,"href":"https:\/\/bepet.pet\/loja\/wp-json\/wp\/v2\/comments?post=10073"}],"wp:featuredmedia":[{"embeddable":true,"href":"https:\/\/bepet.pet\/loja\/wp-json\/wp\/v2\/media\/10072"}],"wp:attachment":[{"href":"https:\/\/bepet.pet\/loja\/wp-json\/wp\/v2\/media?parent=10073"}],"wp:term":[{"taxonomy":"product_brand","embeddable":true,"href":"https:\/\/bepet.pet\/loja\/wp-json\/wp\/v2\/product_brand?post=10073"},{"taxonomy":"product_cat","embeddable":true,"href":"https:\/\/bepet.pet\/loja\/wp-json\/wp\/v2\/product_cat?post=10073"},{"taxonomy":"product_tag","embeddable":true,"href":"https:\/\/bepet.pet\/loja\/wp-json\/wp\/v2\/product_tag?post=10073"}],"curies":[{"name":"wp","href":"https:\/\/api.w.org\/{rel}","templated":true}]}}