{"id":8122,"date":"2018-09-25T12:54:05","date_gmt":"2018-09-25T12:54:05","guid":{"rendered":"http:\/\/192.168.0.170\/user5\/wordpress\/test\/away\/?page_id=8122"},"modified":"2022-08-12T04:01:15","modified_gmt":"2022-08-12T04:01:15","slug":"contato","status":"publish","type":"page","link":"https:\/\/bepet.pet\/loja\/contato\/","title":{"rendered":"Contato"},"content":{"rendered":"<p>[vc_row css=&#8221;.vc_custom_1537879784799{margin-bottom: 50px !important;}&#8221;][vc_column][vc_row_inner el_class=&#8221;content-main-other&#8221;][vc_column_inner][vc_gmaps link=&#8221;#E-8_JTNDaWZyYW1lJTIwc3JjJTNEJTIyaHR0cHMlM0ElMkYlMkZ3d3cuZ29vZ2xlLmNvbSUyRm1hcHMlMkZlbWJlZCUzRnBiJTNEJTIxMW0xOCUyMTFtMTIlMjExbTMlMjExZDU1NDEyLjIwNTYwMDMyNjg3JTIxMmQtNTEuMTc1NjU0Njg0OTQyODglMjEzZC0yOS43NzAwNDAxODMzMzUyMjIlMjEybTMlMjExZjAlMjEyZjAlMjEzZjAlMjEzbTIlMjExaTEwMjQlMjEyaTc2OCUyMTRmMTMuMSUyMTNtMyUyMTFtMiUyMTFzMHg5NTE5NjgzNDMzNWVkNzcxJTI1M0EweGZmOWE5NTA2ZTZhY2I3ZmElMjEyc0JlJTI1MjBQZXQlMjUyMFN0b3JlJTIxNWUwJTIxM20yJTIxMXNwdC1CUiUyMTJzYnIlMjE0djE2NjAyNzQ4MTk1NzUlMjE1bTIlMjExc3B0LUJSJTIxMnNiciUyMiUyMHdpZHRoJTNEJTIyNjAwJTIyJTIwaGVpZ2h0JTNEJTIyNDUwJTIyJTIwZnJhbWVib3JkZXIlM0QlMjIwJTIyJTIwc3R5bGUlM0QlMjJib3JkZXIlM0EwJTIyJTIwYWxsb3dmdWxsc2NyZWVuJTNFJTNDJTJGaWZyYW1lJTNF&#8221; el_class=&#8221;google-map&#8221;][\/vc_column_inner][\/vc_row_inner][\/vc_column][\/vc_row][vc_row el_class=&#8221;content-main-other&#8221; css=&#8221;.vc_custom_1537879835429{margin-bottom: 30px !important;padding-top: 30px !important;}&#8221;][vc_column]<div class=\"shortcode-title center \"><h3 class=\"normal-title\" >Contate nos<\/h3><h3 class=\"sub-title\">Preencha abaixo com suas informa\u00e7\u00f5es e d\u00favidas que iremos retornar a voc\u00ea!<\/h3><\/div>\n<div class=\"wpcf7 no-js\" id=\"wpcf7-f8194-o1\" lang=\"en-US\" dir=\"ltr\" data-wpcf7-id=\"8194\">\n<div class=\"screen-reader-response\"><p role=\"status\" aria-live=\"polite\" aria-atomic=\"true\"><\/p> <ul><\/ul><\/div>\n<form action=\"\/loja\/wp-json\/wp\/v2\/pages\/8122#wpcf7-f8194-o1\" method=\"post\" class=\"wpcf7-form init\" aria-label=\"Contact form\" novalidate=\"novalidate\" data-status=\"init\">\n<fieldset class=\"hidden-fields-container\"><input type=\"hidden\" name=\"_wpcf7\" value=\"8194\" \/><input type=\"hidden\" name=\"_wpcf7_version\" value=\"6.1\" \/><input type=\"hidden\" name=\"_wpcf7_locale\" value=\"en_US\" \/><input type=\"hidden\" name=\"_wpcf7_unit_tag\" value=\"wpcf7-f8194-o1\" \/><input type=\"hidden\" name=\"_wpcf7_container_post\" value=\"0\" \/><input type=\"hidden\" name=\"_wpcf7_posted_data_hash\" value=\"\" \/>\n<\/fieldset>\n<p><label> Nome<br \/>\n<span class=\"wpcf7-form-control-wrap\" data-name=\"your-name\"><input size=\"40\" maxlength=\"400\" class=\"wpcf7-form-control wpcf7-text wpcf7-validates-as-required\" aria-required=\"true\" aria-invalid=\"false\" value=\"\" type=\"text\" name=\"your-name\" \/><\/span> <\/label>\n<\/p>\n<p><label> E-mail<br \/>\n<span class=\"wpcf7-form-control-wrap\" data-name=\"your-email\"><input size=\"40\" maxlength=\"400\" class=\"wpcf7-form-control wpcf7-email wpcf7-validates-as-required wpcf7-text wpcf7-validates-as-email\" aria-required=\"true\" aria-invalid=\"false\" value=\"\" type=\"email\" name=\"your-email\" \/><\/span> <\/label>\n<\/p>\n<p><label> Assunto<br \/>\n<span class=\"wpcf7-form-control-wrap\" data-name=\"your-subject\"><input size=\"40\" maxlength=\"400\" class=\"wpcf7-form-control wpcf7-text\" aria-invalid=\"false\" value=\"\" type=\"text\" name=\"your-subject\" \/><\/span> <\/label>\n<\/p>\n<p><label> Mensagem<br \/>\n<span class=\"wpcf7-form-control-wrap\" data-name=\"your-message\"><textarea cols=\"40\" rows=\"10\" maxlength=\"2000\" class=\"wpcf7-form-control wpcf7-textarea\" aria-invalid=\"false\" name=\"your-message\"><\/textarea><\/span> <\/label>\n<\/p>\n<p><input class=\"wpcf7-form-control wpcf7-submit has-spinner\" type=\"submit\" value=\"Enviar\" \/>\n<\/p><div class=\"wpcf7-response-output\" aria-hidden=\"true\"><\/div>\n<\/form>\n<\/div>\n[\/vc_column][\/vc_row][vc_row el_class=&#8221;custom-content-main&#8221;][vc_column]<div class=\"address-container hb-animate-element right-to-left\"><h1 class=\"address-title simple-title\"><span>Sobre a Be Pet<\/span><\/h1><div class=\"address-text first\"><div class=\"address-text-inner\"><div class=\"icon\"><i class=\"fa fa-map-marker\"><\/i><\/div> <div class=\"content\"><div class=\"address-label\">Endere\u00e7o<\/div>Borges de Medeiros, 21, esquina com Jo\u00e3o Corr\u00eaa<br \/>\nS\u00e3o Leopoldo\/RS<\/div> <\/div><\/div><div class=\"address-text second\"><div class=\"address-text-inner\"><div class=\"icon\"><i class=\"fa fa-phone\"><\/i><\/div> <div class=\"content\"><div class=\"address-label\">Telefones:<\/div>(51) 3589.8252<\/div> <\/div><\/div><div class=\"address-text third\"><div class=\"address-text-inner\"><div class=\"icon\"><i class=\"fa fa-envelope \"><\/i><\/div> <div class=\"content\"><div class=\"address-label\">Email:<\/div><a href=\"mailto:contato@bepet.pet\">contato@bepet.pet<\/a><p>Segunda \u2013 Sexta: 9hs \u2013 18hs<\/p><\/div><\/div><\/div><\/div>[\/vc_column][\/vc_row]<\/p>\n","protected":false},"excerpt":{"rendered":"<p>[vc_row css=&#8221;.vc_custom_1537879784799{margin-bottom: 50px !important;}&#8221;][vc_column][vc_row_inner el_class=&#8221;content-main-other&#8221;][vc_column_inner][vc_gmaps link=&#8221;#E-8_JTNDaWZyYW1lJTIwc3JjJTNEJTIyaHR0cHMlM0ElMkYlMkZ3d3cuZ29vZ2xlLmNvbSUyRm1hcHMlMkZlbWJlZCUzRnBiJTNEJTIxMW0xOCUyMTFtMTIlMjExbTMlMjExZDU1NDEyLjIwNTYwMDMyNjg3JTIxMmQtNTEuMTc1NjU0Njg0OTQyODglMjEzZC0yOS43NzAwNDAxODMzMzUyMjIlMjEybTMlMjExZjAlMjEyZjAlMjEzZjAlMjEzbTIlMjExaTEwMjQlMjEyaTc2OCUyMTRmMTMuMSUyMTNtMyUyMTFtMiUyMTFzMHg5NTE5NjgzNDMzNWVkNzcxJTI1M0EweGZmOWE5NTA2ZTZhY2I3ZmElMjEyc0JlJTI1MjBQZXQlMjUyMFN0b3JlJTIxNWUwJTIxM20yJTIxMXNwdC1CUiUyMTJzYnIlMjE0djE2NjAyNzQ4MTk1NzUlMjE1bTIlMjExc3B0LUJSJTIxMnNiciUyMiUyMHdpZHRoJTNEJTIyNjAwJTIyJTIwaGVpZ2h0JTNEJTIyNDUwJTIyJTIwZnJhbWVib3JkZXIlM0QlMjIwJTIyJTIwc3R5bGUlM0QlMjJib3JkZXIlM0EwJTIyJTIwYWxsb3dmdWxsc2NyZWVuJTNFJTNDJTJGaWZyYW1lJTNF&#8221; el_class=&#8221;google-map&#8221;][\/vc_column_inner][\/vc_row_inner][\/vc_column][\/vc_row][vc_row el_class=&#8221;content-main-other&#8221; css=&#8221;.vc_custom_1537879835429{margin-bottom: 30px !important;padding-top: 30px !important;}&#8221;][vc_column][\/vc_column][\/vc_row][vc_row el_class=&#8221;custom-content-main&#8221;][vc_column][\/vc_column][\/vc_row]<\/p>\n","protected":false},"author":1,"featured_media":0,"parent":0,"menu_order":0,"comment_status":"closed","ping_status":"closed","template":"","meta":{"_kadence_starter_templates_imported_post":false,"footnotes":""},"class_list":["post-8122","page","type-page","status-publish","hentry"],"yoast_head":"<!-- This site is optimized with the Yoast SEO plugin v25.5 - https:\/\/yoast.com\/wordpress\/plugins\/seo\/ -->\n<title>Contato - BePet<\/title>\n<meta name=\"robots\" content=\"index, follow, max-snippet:-1, max-image-preview:large, max-video-preview:-1\" \/>\n<link rel=\"canonical\" href=\"https:\/\/bepet.pet\/loja\/contato\/\" \/>\n<meta property=\"og:locale\" content=\"pt_BR\" \/>\n<meta property=\"og:type\" content=\"article\" \/>\n<meta property=\"og:title\" content=\"Contato - BePet\" \/>\n<meta property=\"og:description\" content=\"[vc_row css=&#8221;.vc_custom_1537879784799{margin-bottom: 50px !important;}&#8221;][vc_column][vc_row_inner el_class=&#8221;content-main-other&#8221;][vc_column_inner][vc_gmaps link=&#8221;#E-8_JTNDaWZyYW1lJTIwc3JjJTNEJTIyaHR0cHMlM0ElMkYlMkZ3d3cuZ29vZ2xlLmNvbSUyRm1hcHMlMkZlbWJlZCUzRnBiJTNEJTIxMW0xOCUyMTFtMTIlMjExbTMlMjExZDU1NDEyLjIwNTYwMDMyNjg3JTIxMmQtNTEuMTc1NjU0Njg0OTQyODglMjEzZC0yOS43NzAwNDAxODMzMzUyMjIlMjEybTMlMjExZjAlMjEyZjAlMjEzZjAlMjEzbTIlMjExaTEwMjQlMjEyaTc2OCUyMTRmMTMuMSUyMTNtMyUyMTFtMiUyMTFzMHg5NTE5NjgzNDMzNWVkNzcxJTI1M0EweGZmOWE5NTA2ZTZhY2I3ZmElMjEyc0JlJTI1MjBQZXQlMjUyMFN0b3JlJTIxNWUwJTIxM20yJTIxMXNwdC1CUiUyMTJzYnIlMjE0djE2NjAyNzQ4MTk1NzUlMjE1bTIlMjExc3B0LUJSJTIxMnNiciUyMiUyMHdpZHRoJTNEJTIyNjAwJTIyJTIwaGVpZ2h0JTNEJTIyNDUwJTIyJTIwZnJhbWVib3JkZXIlM0QlMjIwJTIyJTIwc3R5bGUlM0QlMjJib3JkZXIlM0EwJTIyJTIwYWxsb3dmdWxsc2NyZWVuJTNFJTNDJTJGaWZyYW1lJTNF&#8221; el_class=&#8221;google-map&#8221;][\/vc_column_inner][\/vc_row_inner][\/vc_column][\/vc_row][vc_row el_class=&#8221;content-main-other&#8221; css=&#8221;.vc_custom_1537879835429{margin-bottom: 30px !important;padding-top: 30px !important;}&#8221;][vc_column][\/vc_column][\/vc_row][vc_row el_class=&#8221;custom-content-main&#8221;][vc_column][\/vc_column][\/vc_row]\" \/>\n<meta property=\"og:url\" content=\"https:\/\/bepet.pet\/loja\/contato\/\" \/>\n<meta property=\"og:site_name\" content=\"BePet\" \/>\n<meta property=\"article:modified_time\" content=\"2022-08-12T04:01:15+00:00\" \/>\n<meta name=\"twitter:card\" content=\"summary_large_image\" \/>\n<meta name=\"twitter:label1\" content=\"Est. tempo de leitura\" \/>\n\t<meta name=\"twitter:data1\" content=\"1 minuto\" \/>\n<script type=\"application\/ld+json\" class=\"yoast-schema-graph\">{\"@context\":\"https:\/\/schema.org\",\"@graph\":[{\"@type\":\"WebPage\",\"@id\":\"https:\/\/bepet.pet\/loja\/contato\/\",\"url\":\"https:\/\/bepet.pet\/loja\/contato\/\",\"name\":\"Contato - BePet\",\"isPartOf\":{\"@id\":\"https:\/\/bepet.pet\/loja\/#website\"},\"datePublished\":\"2018-09-25T12:54:05+00:00\",\"dateModified\":\"2022-08-12T04:01:15+00:00\",\"breadcrumb\":{\"@id\":\"https:\/\/bepet.pet\/loja\/contato\/#breadcrumb\"},\"inLanguage\":\"pt-BR\",\"potentialAction\":[{\"@type\":\"ReadAction\",\"target\":[\"https:\/\/bepet.pet\/loja\/contato\/\"]}]},{\"@type\":\"BreadcrumbList\",\"@id\":\"https:\/\/bepet.pet\/loja\/contato\/#breadcrumb\",\"itemListElement\":[{\"@type\":\"ListItem\",\"position\":1,\"name\":\"Home\",\"item\":\"https:\/\/bepet.pet\/loja\/\"},{\"@type\":\"ListItem\",\"position\":2,\"name\":\"Contato\"}]},{\"@type\":\"WebSite\",\"@id\":\"https:\/\/bepet.pet\/loja\/#website\",\"url\":\"https:\/\/bepet.pet\/loja\/\",\"name\":\"BePet\",\"description\":\"Nossa vida \u00e9 cuidar do seu pet\",\"publisher\":{\"@id\":\"https:\/\/bepet.pet\/loja\/#organization\"},\"potentialAction\":[{\"@type\":\"SearchAction\",\"target\":{\"@type\":\"EntryPoint\",\"urlTemplate\":\"https:\/\/bepet.pet\/loja\/?s={search_term_string}\"},\"query-input\":{\"@type\":\"PropertyValueSpecification\",\"valueRequired\":true,\"valueName\":\"search_term_string\"}}],\"inLanguage\":\"pt-BR\"},{\"@type\":\"Organization\",\"@id\":\"https:\/\/bepet.pet\/loja\/#organization\",\"name\":\"BePet\",\"url\":\"https:\/\/bepet.pet\/loja\/\",\"logo\":{\"@type\":\"ImageObject\",\"inLanguage\":\"pt-BR\",\"@id\":\"https:\/\/bepet.pet\/loja\/#\/schema\/logo\/image\/\",\"url\":\"https:\/\/bepet.pet\/loja\/wp-content\/uploads\/2020\/10\/logo.jpg\",\"contentUrl\":\"https:\/\/bepet.pet\/loja\/wp-content\/uploads\/2020\/10\/logo.jpg\",\"width\":100,\"height\":99,\"caption\":\"BePet\"},\"image\":{\"@id\":\"https:\/\/bepet.pet\/loja\/#\/schema\/logo\/image\/\"}}]}<\/script>\n<!-- \/ Yoast SEO plugin. -->","yoast_head_json":{"title":"Contato - BePet","robots":{"index":"index","follow":"follow","max-snippet":"max-snippet:-1","max-image-preview":"max-image-preview:large","max-video-preview":"max-video-preview:-1"},"canonical":"https:\/\/bepet.pet\/loja\/contato\/","og_locale":"pt_BR","og_type":"article","og_title":"Contato - BePet","og_description":"[vc_row css=&#8221;.vc_custom_1537879784799{margin-bottom: 50px !important;}&#8221;][vc_column][vc_row_inner el_class=&#8221;content-main-other&#8221;][vc_column_inner][vc_gmaps link=&#8221;#E-8_JTNDaWZyYW1lJTIwc3JjJTNEJTIyaHR0cHMlM0ElMkYlMkZ3d3cuZ29vZ2xlLmNvbSUyRm1hcHMlMkZlbWJlZCUzRnBiJTNEJTIxMW0xOCUyMTFtMTIlMjExbTMlMjExZDU1NDEyLjIwNTYwMDMyNjg3JTIxMmQtNTEuMTc1NjU0Njg0OTQyODglMjEzZC0yOS43NzAwNDAxODMzMzUyMjIlMjEybTMlMjExZjAlMjEyZjAlMjEzZjAlMjEzbTIlMjExaTEwMjQlMjEyaTc2OCUyMTRmMTMuMSUyMTNtMyUyMTFtMiUyMTFzMHg5NTE5NjgzNDMzNWVkNzcxJTI1M0EweGZmOWE5NTA2ZTZhY2I3ZmElMjEyc0JlJTI1MjBQZXQlMjUyMFN0b3JlJTIxNWUwJTIxM20yJTIxMXNwdC1CUiUyMTJzYnIlMjE0djE2NjAyNzQ4MTk1NzUlMjE1bTIlMjExc3B0LUJSJTIxMnNiciUyMiUyMHdpZHRoJTNEJTIyNjAwJTIyJTIwaGVpZ2h0JTNEJTIyNDUwJTIyJTIwZnJhbWVib3JkZXIlM0QlMjIwJTIyJTIwc3R5bGUlM0QlMjJib3JkZXIlM0EwJTIyJTIwYWxsb3dmdWxsc2NyZWVuJTNFJTNDJTJGaWZyYW1lJTNF&#8221; el_class=&#8221;google-map&#8221;][\/vc_column_inner][\/vc_row_inner][\/vc_column][\/vc_row][vc_row el_class=&#8221;content-main-other&#8221; css=&#8221;.vc_custom_1537879835429{margin-bottom: 30px !important;padding-top: 30px !important;}&#8221;][vc_column][\/vc_column][\/vc_row][vc_row el_class=&#8221;custom-content-main&#8221;][vc_column][\/vc_column][\/vc_row]","og_url":"https:\/\/bepet.pet\/loja\/contato\/","og_site_name":"BePet","article_modified_time":"2022-08-12T04:01:15+00:00","twitter_card":"summary_large_image","twitter_misc":{"Est. tempo de leitura":"1 minuto"},"schema":{"@context":"https:\/\/schema.org","@graph":[{"@type":"WebPage","@id":"https:\/\/bepet.pet\/loja\/contato\/","url":"https:\/\/bepet.pet\/loja\/contato\/","name":"Contato - BePet","isPartOf":{"@id":"https:\/\/bepet.pet\/loja\/#website"},"datePublished":"2018-09-25T12:54:05+00:00","dateModified":"2022-08-12T04:01:15+00:00","breadcrumb":{"@id":"https:\/\/bepet.pet\/loja\/contato\/#breadcrumb"},"inLanguage":"pt-BR","potentialAction":[{"@type":"ReadAction","target":["https:\/\/bepet.pet\/loja\/contato\/"]}]},{"@type":"BreadcrumbList","@id":"https:\/\/bepet.pet\/loja\/contato\/#breadcrumb","itemListElement":[{"@type":"ListItem","position":1,"name":"Home","item":"https:\/\/bepet.pet\/loja\/"},{"@type":"ListItem","position":2,"name":"Contato"}]},{"@type":"WebSite","@id":"https:\/\/bepet.pet\/loja\/#website","url":"https:\/\/bepet.pet\/loja\/","name":"BePet","description":"Nossa vida \u00e9 cuidar do seu pet","publisher":{"@id":"https:\/\/bepet.pet\/loja\/#organization"},"potentialAction":[{"@type":"SearchAction","target":{"@type":"EntryPoint","urlTemplate":"https:\/\/bepet.pet\/loja\/?s={search_term_string}"},"query-input":{"@type":"PropertyValueSpecification","valueRequired":true,"valueName":"search_term_string"}}],"inLanguage":"pt-BR"},{"@type":"Organization","@id":"https:\/\/bepet.pet\/loja\/#organization","name":"BePet","url":"https:\/\/bepet.pet\/loja\/","logo":{"@type":"ImageObject","inLanguage":"pt-BR","@id":"https:\/\/bepet.pet\/loja\/#\/schema\/logo\/image\/","url":"https:\/\/bepet.pet\/loja\/wp-content\/uploads\/2020\/10\/logo.jpg","contentUrl":"https:\/\/bepet.pet\/loja\/wp-content\/uploads\/2020\/10\/logo.jpg","width":100,"height":99,"caption":"BePet"},"image":{"@id":"https:\/\/bepet.pet\/loja\/#\/schema\/logo\/image\/"}}]}},"jetpack_sharing_enabled":true,"_links":{"self":[{"href":"https:\/\/bepet.pet\/loja\/wp-json\/wp\/v2\/pages\/8122","targetHints":{"allow":["GET"]}}],"collection":[{"href":"https:\/\/bepet.pet\/loja\/wp-json\/wp\/v2\/pages"}],"about":[{"href":"https:\/\/bepet.pet\/loja\/wp-json\/wp\/v2\/types\/page"}],"author":[{"embeddable":true,"href":"https:\/\/bepet.pet\/loja\/wp-json\/wp\/v2\/users\/1"}],"replies":[{"embeddable":true,"href":"https:\/\/bepet.pet\/loja\/wp-json\/wp\/v2\/comments?post=8122"}],"version-history":[{"count":6,"href":"https:\/\/bepet.pet\/loja\/wp-json\/wp\/v2\/pages\/8122\/revisions"}],"predecessor-version":[{"id":9008,"href":"https:\/\/bepet.pet\/loja\/wp-json\/wp\/v2\/pages\/8122\/revisions\/9008"}],"wp:attachment":[{"href":"https:\/\/bepet.pet\/loja\/wp-json\/wp\/v2\/media?parent=8122"}],"curies":[{"name":"wp","href":"https:\/\/api.w.org\/{rel}","templated":true}]}}